{"id":540,"date":"2018-11-27T09:16:54","date_gmt":"2018-11-27T09:16:54","guid":{"rendered":"https:\/\/impuls-weiz.alea.systems\/?page_id=540"},"modified":"2025-03-01T08:32:01","modified_gmt":"2025-03-01T07:32:01","slug":"home","status":"publish","type":"page","link":"https:\/\/impuls-weiz.alea.systems\/","title":{"rendered":"Home"},"content":{"rendered":"\t\t<div data-elementor-type=\"wp-page\" data-elementor-id=\"540\" class=\"elementor elementor-540\" data-elementor-post-type=\"page\">\n\t\t\t\t<div class=\"elementor-element elementor-element-2cb5f4f e-flex e-con-boxed e-con e-parent\" data-id=\"2cb5f4f\" data-element_type=\"container\" data-settings=\"{&quot;background_background&quot;:&quot;classic&quot;}\">\n\t\t\t\t\t<div class=\"e-con-inner\">\n\t\t<div class=\"elementor-element elementor-element-fe6a729 e-con-full e-flex e-con e-child\" data-id=\"fe6a729\" data-element_type=\"container\">\n\t\t\t\t<div class=\"elementor-element elementor-element-1264781 elementor-widget elementor-widget-image\" data-id=\"1264781\" data-element_type=\"widget\" data-widget_type=\"image.default\">\n\t\t\t\t<div class=\"elementor-widget-container\">\n\t\t\t\t\t\t\t\t\t\t\t\t\t\t\t<img fetchpriority=\"high\" decoding=\"async\" width=\"2560\" height=\"1801\" src=\"https:\/\/impuls-weiz.alea.systems\/wp-content\/uploads\/2025\/02\/impuls-weiz01-scaled-1.webp\" class=\"attachment-full size-full wp-image-1308\" alt=\"\" srcset=\"https:\/\/impuls-weiz.alea.systems\/wp-content\/uploads\/2025\/02\/impuls-weiz01-scaled-1.webp 2560w, https:\/\/impuls-weiz.alea.systems\/wp-content\/uploads\/2025\/02\/impuls-weiz01-scaled-1-768x540.webp 768w\" sizes=\"(max-width: 2560px) 100vw, 2560px\" \/>\t\t\t\t\t\t\t\t\t\t\t\t\t\t\t<\/div>\n\t\t\t\t<\/div>\n\t\t\t\t<div class=\"elementor-element elementor-element-8966e55 elementor-widget-divider--view-line elementor-widget elementor-widget-divider\" data-id=\"8966e55\" data-element_type=\"widget\" data-widget_type=\"divider.default\">\n\t\t\t\t<div class=\"elementor-widget-container\">\n\t\t\t\t\t\t\t<div class=\"elementor-divider\">\n\t\t\t<span class=\"elementor-divider-separator\">\n\t\t\t\t\t\t<\/span>\n\t\t<\/div>\n\t\t\t\t\t\t<\/div>\n\t\t\t\t<\/div>\n\t\t\t\t<div class=\"elementor-element elementor-element-b79f3f0 elementor-widget elementor-widget-image\" data-id=\"b79f3f0\" data-element_type=\"widget\" data-widget_type=\"image.default\">\n\t\t\t\t<div class=\"elementor-widget-container\">\n\t\t\t\t\t\t\t\t\t\t\t\t\t\t\t<img decoding=\"async\" width=\"2560\" height=\"1792\" src=\"https:\/\/impuls-weiz.alea.systems\/wp-content\/uploads\/2025\/02\/impuls-weiz02-scaled-1.webp\" class=\"attachment-full size-full wp-image-1309\" alt=\"\" srcset=\"https:\/\/impuls-weiz.alea.systems\/wp-content\/uploads\/2025\/02\/impuls-weiz02-scaled-1.webp 2560w, https:\/\/impuls-weiz.alea.systems\/wp-content\/uploads\/2025\/02\/impuls-weiz02-scaled-1-768x537.webp 768w\" sizes=\"(max-width: 2560px) 100vw, 2560px\" \/>\t\t\t\t\t\t\t\t\t\t\t\t\t\t\t<\/div>\n\t\t\t\t<\/div>\n\t\t\t\t<div class=\"elementor-element elementor-element-c43efc7 elementor-widget-divider--view-line elementor-widget elementor-widget-divider\" data-id=\"c43efc7\" data-element_type=\"widget\" data-widget_type=\"divider.default\">\n\t\t\t\t<div class=\"elementor-widget-container\">\n\t\t\t\t\t\t\t<div class=\"elementor-divider\">\n\t\t\t<span class=\"elementor-divider-separator\">\n\t\t\t\t\t\t<\/span>\n\t\t<\/div>\n\t\t\t\t\t\t<\/div>\n\t\t\t\t<\/div>\n\t\t\t\t<\/div>\n\t\t\t\t\t<\/div>\n\t\t\t\t<\/div>\n\t\t<div class=\"elementor-element elementor-element-a777f48 e-flex e-con-boxed e-con e-parent\" data-id=\"a777f48\" data-element_type=\"container\" data-settings=\"{&quot;background_background&quot;:&quot;classic&quot;}\">\n\t\t\t\t\t<div class=\"e-con-inner\">\n\t\t<div class=\"elementor-element elementor-element-43d6379 e-con-full e-flex e-con e-child\" data-id=\"43d6379\" data-element_type=\"container\">\n\t\t\t\t<div class=\"elementor-element elementor-element-1ccd2ff elementor-widget elementor-widget-image\" data-id=\"1ccd2ff\" data-element_type=\"widget\" data-widget_type=\"image.default\">\n\t\t\t\t<div class=\"elementor-widget-container\">\n\t\t\t\t\t\t\t\t\t\t\t\t\t\t\t<img decoding=\"async\" width=\"200\" height=\"154\" src=\"https:\/\/impuls-weiz.alea.systems\/wp-content\/uploads\/2018\/11\/quote-1.png\" class=\"attachment-full size-full wp-image-132\" alt=\"\" srcset=\"https:\/\/impuls-weiz.alea.systems\/wp-content\/uploads\/2018\/11\/quote-1.png 200w, https:\/\/impuls-weiz.alea.systems\/wp-content\/uploads\/2018\/11\/quote-1-768x591.png 768w\" sizes=\"(max-width: 200px) 100vw, 200px\" \/>\t\t\t\t\t\t\t\t\t\t\t\t\t\t\t<\/div>\n\t\t\t\t<\/div>\n\t\t\t\t<\/div>\n\t\t<div class=\"elementor-element elementor-element-437ea03 e-con-full e-flex e-con e-child\" data-id=\"437ea03\" data-element_type=\"container\" data-settings=\"{&quot;background_background&quot;:&quot;classic&quot;}\">\n\t\t\t\t<div class=\"elementor-element elementor-element-c2eefd3 elementor-widget elementor-widget-testimonial\" data-id=\"c2eefd3\" data-element_type=\"widget\" data-widget_type=\"testimonial.default\">\n\t\t\t\t<div class=\"elementor-widget-container\">\n\t\t\t\t\t\t\t<div class=\"elementor-testimonial-wrapper\">\n\t\t\t\t\t\t\t<div class=\"elementor-testimonial-content\">Keynote-Speaker DI Gerhard Lang (smartw\u00e4rts e.U.) und Referent_innen aus der Praxis mit spannenden Vortr\u00e4gen zum Thema Nachhaltigkeit:<\/div>\n\t\t\t\n\t\t\t\t\t<\/div>\n\t\t\t\t\t\t<\/div>\n\t\t\t\t<\/div>\n\t\t\t\t<div class=\"elementor-element elementor-element-cd2a7ae elementor-widget elementor-widget-testimonial\" data-id=\"cd2a7ae\" data-element_type=\"widget\" data-widget_type=\"testimonial.default\">\n\t\t\t\t<div class=\"elementor-widget-container\">\n\t\t\t\t\t\t\t<div class=\"elementor-testimonial-wrapper\">\n\t\t\t\t\t\t\t<div class=\"elementor-testimonial-content\"><br>Zum Nachschauen der Pr\u00e4sentationen klicken Sie bitte auf das jeweilige Logo<\/div>\n\t\t\t\n\t\t\t\t\t<\/div>\n\t\t\t\t\t\t<\/div>\n\t\t\t\t<\/div>\n\t\t\t\t<\/div>\n\t\t\t\t\t<\/div>\n\t\t\t\t<\/div>\n\t\t<div class=\"elementor-element elementor-element-14f7331 e-flex e-con-boxed e-con e-parent\" data-id=\"14f7331\" data-element_type=\"container\">\n\t\t\t\t\t<div class=\"e-con-inner\">\n\t\t<div class=\"elementor-element elementor-element-88a70a5 e-con-full e-flex e-con e-child\" data-id=\"88a70a5\" data-element_type=\"container\">\n\t\t\t\t<div class=\"elementor-element elementor-element-46212b6 elementor-widget__width-initial elementor-widget elementor-widget-image\" data-id=\"46212b6\" data-element_type=\"widget\" data-widget_type=\"image.default\">\n\t\t\t\t<div class=\"elementor-widget-container\">\n\t\t\t\t\t\t\t\t\t\t\t\t\t\t\t\t<a href=\"https:\/\/impuls-weiz.alea.systems\/wp-content\/uploads\/2023\/12\/01-smartwaerts.pdf\">\n\t\t\t\t\t\t\t<img loading=\"lazy\" decoding=\"async\" width=\"768\" height=\"153\" src=\"https:\/\/impuls-weiz.alea.systems\/wp-content\/uploads\/2025\/02\/01-smartwaerts-768x153.png\" class=\"attachment-medium_large size-medium_large wp-image-1310\" alt=\"\" srcset=\"https:\/\/impuls-weiz.alea.systems\/wp-content\/uploads\/2025\/02\/01-smartwaerts-768x153.png 768w, https:\/\/impuls-weiz.alea.systems\/wp-content\/uploads\/2025\/02\/01-smartwaerts.png 1892w\" sizes=\"(max-width: 768px) 100vw, 768px\" \/>\t\t\t\t\t\t\t\t<\/a>\n\t\t\t\t\t\t\t\t\t\t\t\t\t\t\t<\/div>\n\t\t\t\t<\/div>\n\t\t\t\t<\/div>\n\t\t<div class=\"elementor-element elementor-element-c405c12 e-con-full e-flex e-con e-child\" data-id=\"c405c12\" data-element_type=\"container\">\n\t\t\t\t<div class=\"elementor-element elementor-element-c52c097 elementor-widget__width-initial elementor-widget elementor-widget-image\" data-id=\"c52c097\" data-element_type=\"widget\" data-widget_type=\"image.default\">\n\t\t\t\t<div class=\"elementor-widget-container\">\n\t\t\t\t\t\t\t\t\t\t\t\t\t\t\t\t<a href=\"https:\/\/impuls-weiz.alea.systems\/wp-content\/uploads\/2023\/12\/02-AEE-Institut-fuer-Nachhaltige-Technologien-Reallabor-WEIZplus.pdf\">\n\t\t\t\t\t\t\t<img decoding=\"async\" src=\"https:\/\/impuls-weiz.alea.systems\/wp-content\/uploads\/2025\/02\/02-AEE-Institut-fuer-Nachhaltige-Technologien.jpg\" title=\"02-AEE-Institut-fuer-Nachhaltige-Technologien.jpg\" alt=\"02-AEE-Institut-fuer-Nachhaltige-Technologien.jpg\" loading=\"lazy\" \/>\t\t\t\t\t\t\t\t<\/a>\n\t\t\t\t\t\t\t\t\t\t\t\t\t\t\t<\/div>\n\t\t\t\t<\/div>\n\t\t\t\t<\/div>\n\t\t<div class=\"elementor-element elementor-element-91f0c43 e-con-full e-flex e-con e-child\" data-id=\"91f0c43\" data-element_type=\"container\">\n\t\t\t\t<div class=\"elementor-element elementor-element-62fbd96 elementor-widget__width-initial elementor-widget elementor-widget-image\" data-id=\"62fbd96\" data-element_type=\"widget\" data-widget_type=\"image.default\">\n\t\t\t\t<div class=\"elementor-widget-container\">\n\t\t\t\t\t\t\t\t\t\t\t\t\t\t\t\t<a href=\"https:\/\/impuls-weiz.alea.systems\/wp-content\/uploads\/2023\/12\/03-ZAM-Steiermark-GmbH.pdf\">\n\t\t\t\t\t\t\t<img loading=\"lazy\" decoding=\"async\" width=\"300\" height=\"151\" src=\"https:\/\/impuls-weiz.alea.systems\/wp-content\/uploads\/2023\/12\/03-ZAM-Steiermark-GmbH-300x151.png\" class=\"attachment-medium size-medium wp-image-1276\" alt=\"\" srcset=\"https:\/\/impuls-weiz.alea.systems\/wp-content\/uploads\/2023\/12\/03-ZAM-Steiermark-GmbH-300x151.png 300w, https:\/\/impuls-weiz.alea.systems\/wp-content\/uploads\/2023\/12\/03-ZAM-Steiermark-GmbH.png 520w\" sizes=\"(max-width: 300px) 100vw, 300px\" \/>\t\t\t\t\t\t\t\t<\/a>\n\t\t\t\t\t\t\t\t\t\t\t\t\t\t\t<\/div>\n\t\t\t\t<\/div>\n\t\t\t\t<\/div>\n\t\t\t\t\t<\/div>\n\t\t\t\t<\/div>\n\t\t<div class=\"elementor-element elementor-element-7f5d9fa e-flex e-con-boxed e-con e-parent\" data-id=\"7f5d9fa\" data-element_type=\"container\">\n\t\t\t\t\t<div class=\"e-con-inner\">\n\t\t\t\t<div class=\"elementor-element elementor-element-94c30d8 elementor-widget elementor-widget-gallery\" data-id=\"94c30d8\" data-element_type=\"widget\" data-settings=\"{&quot;lazyload&quot;:&quot;yes&quot;,&quot;gallery_layout&quot;:&quot;grid&quot;,&quot;columns&quot;:4,&quot;columns_tablet&quot;:2,&quot;columns_mobile&quot;:1,&quot;gap&quot;:{&quot;unit&quot;:&quot;px&quot;,&quot;size&quot;:10,&quot;sizes&quot;:[]},&quot;gap_tablet&quot;:{&quot;unit&quot;:&quot;px&quot;,&quot;size&quot;:10,&quot;sizes&quot;:[]},&quot;gap_mobile&quot;:{&quot;unit&quot;:&quot;px&quot;,&quot;size&quot;:10,&quot;sizes&quot;:[]},&quot;link_to&quot;:&quot;file&quot;,&quot;aspect_ratio&quot;:&quot;3:2&quot;,&quot;overlay_background&quot;:&quot;yes&quot;,&quot;content_hover_animation&quot;:&quot;fade-in&quot;}\" data-widget_type=\"gallery.default\">\n\t\t\t\t<div class=\"elementor-widget-container\">\n\t\t\t\t\t\t\t<div class=\"elementor-gallery__container\">\n\t\t\t\t\t\t\t<a class=\"e-gallery-item elementor-gallery-item elementor-animated-content\" href=\"https:\/\/impuls-weiz.alea.systems\/wp-content\/uploads\/2025\/02\/Foto-3-scaled-1.jpg\" data-elementor-open-lightbox=\"yes\" data-elementor-lightbox-slideshow=\"94c30d8\" data-elementor-lightbox-title=\"Foto-3-scaled.jpg\" data-e-action-hash=\"#elementor-action%3Aaction%3Dlightbox%26settings%3DeyJpZCI6MTMxNCwidXJsIjoiaHR0cHM6XC9cL2ltcHVscy13ZWl6LmFsZWEuc3lzdGVtc1wvd3AtY29udGVudFwvdXBsb2Fkc1wvMjAyNVwvMDJcL0ZvdG8tMy1zY2FsZWQtMS5qcGciLCJzbGlkZXNob3ciOiI5NGMzMGQ4In0%3D\">\n\t\t\t\t\t<div class=\"e-gallery-image elementor-gallery-item__image\" data-thumbnail=\"https:\/\/impuls-weiz.alea.systems\/wp-content\/uploads\/2025\/02\/Foto-3-scaled-1-300x300.jpg\" data-width=\"300\" data-height=\"300\" aria-label=\"\" role=\"img\" ><\/div>\n\t\t\t\t\t\t\t\t\t\t\t<div class=\"elementor-gallery-item__overlay\"><\/div>\n\t\t\t\t\t\t\t\t\t\t\t\t\t\t<\/a>\n\t\t\t\t\t\t\t<a class=\"e-gallery-item elementor-gallery-item elementor-animated-content\" href=\"https:\/\/impuls-weiz.alea.systems\/wp-content\/uploads\/2025\/02\/Foto-0.jpg\" data-elementor-open-lightbox=\"yes\" data-elementor-lightbox-slideshow=\"94c30d8\" data-elementor-lightbox-title=\"Foto-0.jpg\" data-e-action-hash=\"#elementor-action%3Aaction%3Dlightbox%26settings%3DeyJpZCI6MTMxMywidXJsIjoiaHR0cHM6XC9cL2ltcHVscy13ZWl6LmFsZWEuc3lzdGVtc1wvd3AtY29udGVudFwvdXBsb2Fkc1wvMjAyNVwvMDJcL0ZvdG8tMC5qcGciLCJzbGlkZXNob3ciOiI5NGMzMGQ4In0%3D\">\n\t\t\t\t\t<div class=\"e-gallery-image elementor-gallery-item__image\" data-thumbnail=\"https:\/\/impuls-weiz.alea.systems\/wp-content\/uploads\/2025\/02\/Foto-0-300x300.jpg\" data-width=\"300\" data-height=\"300\" aria-label=\"\" role=\"img\" ><\/div>\n\t\t\t\t\t\t\t\t\t\t\t<div class=\"elementor-gallery-item__overlay\"><\/div>\n\t\t\t\t\t\t\t\t\t\t\t\t\t\t<\/a>\n\t\t\t\t\t\t\t<a class=\"e-gallery-item elementor-gallery-item elementor-animated-content\" href=\"https:\/\/impuls-weiz.alea.systems\/wp-content\/uploads\/2025\/02\/Foto-1-scaled-1.jpg\" data-elementor-open-lightbox=\"yes\" data-elementor-lightbox-slideshow=\"94c30d8\" data-elementor-lightbox-title=\"Foto-1-scaled.jpg\" data-e-action-hash=\"#elementor-action%3Aaction%3Dlightbox%26settings%3DeyJpZCI6MTMxMiwidXJsIjoiaHR0cHM6XC9cL2ltcHVscy13ZWl6LmFsZWEuc3lzdGVtc1wvd3AtY29udGVudFwvdXBsb2Fkc1wvMjAyNVwvMDJcL0ZvdG8tMS1zY2FsZWQtMS5qcGciLCJzbGlkZXNob3ciOiI5NGMzMGQ4In0%3D\">\n\t\t\t\t\t<div class=\"e-gallery-image elementor-gallery-item__image\" data-thumbnail=\"https:\/\/impuls-weiz.alea.systems\/wp-content\/uploads\/2025\/02\/Foto-1-scaled-1-300x300.jpg\" data-width=\"300\" data-height=\"300\" aria-label=\"\" role=\"img\" ><\/div>\n\t\t\t\t\t\t\t\t\t\t\t<div class=\"elementor-gallery-item__overlay\"><\/div>\n\t\t\t\t\t\t\t\t\t\t\t\t\t\t<\/a>\n\t\t\t\t\t\t\t<a class=\"e-gallery-item elementor-gallery-item elementor-animated-content\" href=\"https:\/\/impuls-weiz.alea.systems\/wp-content\/uploads\/2023\/12\/Foto-3-scaled.jpg\" data-elementor-open-lightbox=\"yes\" data-elementor-lightbox-slideshow=\"94c30d8\" data-elementor-lightbox-title=\"Foto (3)\" data-e-action-hash=\"#elementor-action%3Aaction%3Dlightbox%26settings%3DeyJpZCI6MTI5OCwidXJsIjoiaHR0cHM6XC9cL2ltcHVscy13ZWl6LmFsZWEuc3lzdGVtc1wvd3AtY29udGVudFwvdXBsb2Fkc1wvMjAyM1wvMTJcL0ZvdG8tMy1zY2FsZWQuanBnIiwic2xpZGVzaG93IjoiOTRjMzBkOCJ9\">\n\t\t\t\t\t<div class=\"e-gallery-image elementor-gallery-item__image\" data-thumbnail=\"https:\/\/impuls-weiz.alea.systems\/wp-content\/uploads\/2023\/12\/Foto-3-300x169.jpg\" data-width=\"300\" data-height=\"169\" aria-label=\"\" role=\"img\" ><\/div>\n\t\t\t\t\t\t\t\t\t\t\t<div class=\"elementor-gallery-item__overlay\"><\/div>\n\t\t\t\t\t\t\t\t\t\t\t\t\t\t<\/a>\n\t\t\t\t\t\t\t<a class=\"e-gallery-item elementor-gallery-item elementor-animated-content\" href=\"https:\/\/impuls-weiz.alea.systems\/wp-content\/uploads\/2023\/12\/Foto-0.jpg\" data-elementor-open-lightbox=\"yes\" data-elementor-lightbox-slideshow=\"94c30d8\" data-elementor-lightbox-title=\"Foto (0)\" data-e-action-hash=\"#elementor-action%3Aaction%3Dlightbox%26settings%3DeyJpZCI6MTI5NywidXJsIjoiaHR0cHM6XC9cL2ltcHVscy13ZWl6LmFsZWEuc3lzdGVtc1wvd3AtY29udGVudFwvdXBsb2Fkc1wvMjAyM1wvMTJcL0ZvdG8tMC5qcGciLCJzbGlkZXNob3ciOiI5NGMzMGQ4In0%3D\">\n\t\t\t\t\t<div class=\"e-gallery-image elementor-gallery-item__image\" data-thumbnail=\"https:\/\/impuls-weiz.alea.systems\/wp-content\/uploads\/2023\/12\/Foto-0-300x169.jpg\" data-width=\"300\" data-height=\"169\" aria-label=\"\" role=\"img\" ><\/div>\n\t\t\t\t\t\t\t\t\t\t\t<div class=\"elementor-gallery-item__overlay\"><\/div>\n\t\t\t\t\t\t\t\t\t\t\t\t\t\t<\/a>\n\t\t\t\t\t\t\t<a class=\"e-gallery-item elementor-gallery-item elementor-animated-content\" href=\"https:\/\/impuls-weiz.alea.systems\/wp-content\/uploads\/2023\/12\/Foto-2-scaled.jpg\" data-elementor-open-lightbox=\"yes\" data-elementor-lightbox-slideshow=\"94c30d8\" data-elementor-lightbox-title=\"Foto (2)\" data-e-action-hash=\"#elementor-action%3Aaction%3Dlightbox%26settings%3DeyJpZCI6MTI5NiwidXJsIjoiaHR0cHM6XC9cL2ltcHVscy13ZWl6LmFsZWEuc3lzdGVtc1wvd3AtY29udGVudFwvdXBsb2Fkc1wvMjAyM1wvMTJcL0ZvdG8tMi1zY2FsZWQuanBnIiwic2xpZGVzaG93IjoiOTRjMzBkOCJ9\">\n\t\t\t\t\t<div class=\"e-gallery-image elementor-gallery-item__image\" data-thumbnail=\"https:\/\/impuls-weiz.alea.systems\/wp-content\/uploads\/2023\/12\/Foto-2-300x169.jpg\" data-width=\"300\" data-height=\"169\" aria-label=\"\" role=\"img\" ><\/div>\n\t\t\t\t\t\t\t\t\t\t\t<div class=\"elementor-gallery-item__overlay\"><\/div>\n\t\t\t\t\t\t\t\t\t\t\t\t\t\t<\/a>\n\t\t\t\t\t\t\t<a class=\"e-gallery-item elementor-gallery-item elementor-animated-content\" href=\"https:\/\/impuls-weiz.alea.systems\/wp-content\/uploads\/2023\/12\/Foto-1-scaled.jpg\" data-elementor-open-lightbox=\"yes\" data-elementor-lightbox-slideshow=\"94c30d8\" data-elementor-lightbox-title=\"Foto (1)\" data-e-action-hash=\"#elementor-action%3Aaction%3Dlightbox%26settings%3DeyJpZCI6MTI5NSwidXJsIjoiaHR0cHM6XC9cL2ltcHVscy13ZWl6LmFsZWEuc3lzdGVtc1wvd3AtY29udGVudFwvdXBsb2Fkc1wvMjAyM1wvMTJcL0ZvdG8tMS1zY2FsZWQuanBnIiwic2xpZGVzaG93IjoiOTRjMzBkOCJ9\">\n\t\t\t\t\t<div class=\"e-gallery-image elementor-gallery-item__image\" data-thumbnail=\"https:\/\/impuls-weiz.alea.systems\/wp-content\/uploads\/2023\/12\/Foto-1-300x169.jpg\" data-width=\"300\" data-height=\"169\" aria-label=\"\" role=\"img\" ><\/div>\n\t\t\t\t\t\t\t\t\t\t\t<div class=\"elementor-gallery-item__overlay\"><\/div>\n\t\t\t\t\t\t\t\t\t\t\t\t\t\t<\/a>\n\t\t\t\t\t<\/div>\n\t\t\t\t\t<\/div>\n\t\t\t\t<\/div>\n\t\t\t\t\t<\/div>\n\t\t\t\t<\/div>\n\t\t\t\t<\/div>\n\t\t","protected":false},"excerpt":{"rendered":"<p>Keynote-Speaker DI Gerhard Lang (smartw\u00e4rts e.U.) und Referent_innen aus der Praxis mit spannenden Vortr\u00e4gen zum Thema Nachhaltigkeit: Zum Nachschauen der Pr\u00e4sentationen klicken Sie bitte auf das jeweilige Logo<\/p>\n","protected":false},"author":1,"featured_media":0,"parent":0,"menu_order":0,"comment_status":"closed","ping_status":"closed","template":"","meta":{"site-sidebar-layout":"no-sidebar","site-content-layout":"page-builder","ast-site-content-layout":"full-width-container","site-content-style":"unboxed","site-sidebar-style":"unboxed","ast-global-header-display":"","ast-banner-title-visibility":"","ast-main-header-display":"","ast-hfb-above-header-display":"","ast-hfb-below-header-display":"","ast-hfb-mobile-header-display":"","site-post-title":"disabled","ast-breadcrumbs-content":"","ast-featured-img":"disabled","footer-sml-layout":"","theme-transparent-header-meta":"enabled","adv-header-id-meta":"","stick-header-meta":"","header-above-stick-meta":"","header-main-stick-meta":"","header-below-stick-meta":"","astra-migrate-meta-layouts":"set","ast-page-background-enabled":"default","ast-page-background-meta":{"desktop":{"background-color":"","background-image":"","background-repeat":"repeat","background-position":"center center","background-size":"auto","background-attachment":"scroll","background-type":"","background-media":"","overlay-type":"","overlay-color":"","overlay-opacity":"","overlay-gradient":""},"tablet":{"background-color":"","background-image":"","background-repeat":"repeat","background-position":"center center","background-size":"auto","background-attachment":"scroll","background-type":"","background-media":"","overlay-type":"","overlay-color":"","overlay-opacity":"","overlay-gradient":""},"mobile":{"background-color":"","background-image":"","background-repeat":"repeat","background-position":"center center","background-size":"auto","background-attachment":"scroll","background-type":"","background-media":"","overlay-type":"","overlay-color":"","overlay-opacity":"","overlay-gradient":""}},"ast-content-background-meta":{"desktop":{"background-color":"var(--ast-global-color-5)","background-image":"","background-repeat":"repeat","background-position":"center center","background-size":"auto","background-attachment":"scroll","background-type":"","background-media":"","overlay-type":"","overlay-color":"","overlay-opacity":"","overlay-gradient":""},"tablet":{"background-color":"var(--ast-global-color-5)","background-image":"","background-repeat":"repeat","background-position":"center center","background-size":"auto","background-attachment":"scroll","background-type":"","background-media":"","overlay-type":"","overlay-color":"","overlay-opacity":"","overlay-gradient":""},"mobile":{"background-color":"var(--ast-global-color-5)","background-image":"","background-repeat":"repeat","background-position":"center center","background-size":"auto","background-attachment":"scroll","background-type":"","background-media":"","overlay-type":"","overlay-color":"","overlay-opacity":"","overlay-gradient":""}},"footnotes":""},"class_list":["post-540","page","type-page","status-publish","hentry"],"_links":{"self":[{"href":"https:\/\/impuls-weiz.alea.systems\/index.php?rest_route=\/wp\/v2\/pages\/540","targetHints":{"allow":["GET"]}}],"collection":[{"href":"https:\/\/impuls-weiz.alea.systems\/index.php?rest_route=\/wp\/v2\/pages"}],"about":[{"href":"https:\/\/impuls-weiz.alea.systems\/index.php?rest_route=\/wp\/v2\/types\/page"}],"author":[{"embeddable":true,"href":"https:\/\/impuls-weiz.alea.systems\/index.php?rest_route=\/wp\/v2\/users\/1"}],"replies":[{"embeddable":true,"href":"https:\/\/impuls-weiz.alea.systems\/index.php?rest_route=%2Fwp%2Fv2%2Fcomments&post=540"}],"version-history":[{"count":52,"href":"https:\/\/impuls-weiz.alea.systems\/index.php?rest_route=\/wp\/v2\/pages\/540\/revisions"}],"predecessor-version":[{"id":1324,"href":"https:\/\/impuls-weiz.alea.systems\/index.php?rest_route=\/wp\/v2\/pages\/540\/revisions\/1324"}],"wp:attachment":[{"href":"https:\/\/impuls-weiz.alea.systems\/index.php?rest_route=%2Fwp%2Fv2%2Fmedia&parent=540"}],"curies":[{"name":"wp","href":"https:\/\/api.w.org\/{rel}","templated":true}]}}